{"id":326,"date":"2026-02-07T18:52:01","date_gmt":"2026-02-07T17:52:01","guid":{"rendered":"https:\/\/andrea-strihaniepsov.sk\/?page_id=326"},"modified":"2026-03-04T09:20:40","modified_gmt":"2026-03-04T08:20:40","slug":"cennik-novy","status":"publish","type":"page","link":"http:\/\/andrea-strihaniepsov.sk\/?page_id=326","title":{"rendered":"Cenn\u00edk"},"content":{"rendered":"<h3>CENN\u00cdK<\/h3>\n<p>Cenn\u00edk strihania psov v Bratislave a Bratislavskom kraji s mobilnou slu\u017ebou priamo k V\u00e1m domov. Transparentn\u00e9 ceny bez skryt\u00fdch poplatkov. Prich\u00e1dzame do v\u0161etk\u00fdch mestsk\u00fdch \u010dast\u00ed Bratislavy, ako aj do Pezinka, Senca, Stupavy, Modry, Sv\u00e4t\u00e9ho Jura a \u010fal\u0161\u00edch obc\u00ed Bratislavsk\u00e9ho kraja.<\/p>\n<p style=\"text-align: center;\"><strong>Z\u00c1KLADN\u00c9 STRIHANIE<\/strong><\/p>\n<p style=\"text-align: center;\">mal\u00e9 ps\u00edky 1-8kg <strong>19\u20ac<\/strong><\/p>\n<p style=\"text-align: center;\">stredn\u00e9 ps\u00edky 09-18kg <strong>24\u20ac<\/strong><\/p>\n<p style=\"text-align: center;\">ve\u013ek\u00e9 ps\u00edky od 19kg <strong>od 29\u20ac<\/strong><\/p>\n<p style=\"text-align: center;\"><strong>ZANEDBAN\u00c1 SRS\u0164<\/strong> od <strong>5\u20ac<\/strong><\/p>\n<p style=\"text-align: center;\">Pod zanedbanou srs\u0165ou s\u00fa myslen\u00e9 dredy, chuchvalce, zne\u010disten\u00e1 a zapr\u00e1\u0161en\u00e1 srs\u0165. Srs\u0165 ps\u00edka mus\u00ed by\u0165 na strihanie pripraven\u00e1. Preto je potrebn\u00e9 ps\u00edka aspo\u0148 de\u0148 pred strihan\u00edm vyk\u00fapa\u0165 a dobre vy\u010desa\u0165 \ud83d\ude42<\/p>\n<p style=\"text-align: center;\"><strong>DOPLNKOV\u00c9 SLU\u017dBY<\/strong><\/p>\n<p style=\"text-align: center;\">strihanie paz\u00farikov <strong>3\u20ac<\/strong><\/p>\n<p style=\"text-align: center;\">\u010distenie u\u0161\u00ed 3<strong>\u20ac<\/strong><\/p>\n<p style=\"text-align: center;\">\u010distenie o\u010d\u00ed <strong>3\u20ac<\/strong><\/p>\n<p style=\"text-align: center;\">trhanie chlpov z u\u0161\u00ed <strong>3\u20ac<\/strong><\/p>\n<p style=\"text-align: center;\"><strong>DOPRAVA V BRATISLAVSKOM KRAJI<\/strong><\/p>\n<p style=\"text-align: center;\"><strong>Bratislava &#8211; v\u0161etky mestsk\u00e9 \u010dasti<\/strong><br \/>\n(Star\u00e9 Mesto, Nov\u00e9 Mesto, Ru\u017einov, Petr\u017ealka, Karlova Ves, D\u00fabravka, Lama\u010d, Ra\u010da, Vraku\u0148a, Podunajsk\u00e9 Biskupice, Dev\u00edn, Dev\u00ednska Nov\u00e1 Ves, Z\u00e1horsk\u00e1 Bystrica, Rusovce, \u010cunovo, Jarovce)<br \/>\n<strong>od 7\u20ac<\/strong><\/p>\n<p style=\"text-align: center;\"><strong>Bl\u00edzke okolie Bratislavy<\/strong><br \/>\n(Ivanka pri Dunaji, Chorv\u00e1tsky Grob, Bernol\u00e1kovo, Vajnory, Rovinka, Most pri Bratislave)<br \/>\n<strong>od 10\u20ac<\/strong><\/p>\n<p style=\"text-align: center;\"><strong>Bratislavsk\u00fd kraj &#8211; \u010fal\u0161ie mest\u00e1<\/strong><br \/>\n(Pezinok, Senec, Stupava, Modra, Sv\u00e4t\u00fd Jur, Slovensk\u00fd Grob, Marianka, Vini\u010dn\u00e9, Grinava, Limbach, Tom\u00e1\u0161ov, Lozorno, Jablonec)<br \/>\n<strong>od 12\u20ac<\/strong><\/p>\n<p style=\"text-align: center;\"><em>Pri strihan\u00ed psov v Bratislavskom kraji s mobilnou slu\u017ebou doma u\u0161etr\u00edte \u010das a V\u00e1\u0161 ps\u00edk bude v pohodl\u00ed domova.<\/em><\/p>\n<p style=\"text-align: center;\"><strong>SANKCIE<\/strong><\/p>\n<p style=\"text-align: center;\">Me\u0161kanie klienta viac ako 15 min\u00fat <strong>+5\u20ac<\/strong><\/p>\n<p style=\"text-align: center;\">Zru\u0161enie term\u00ednu menej ako 24 hod\u00edn pred strihan\u00edm &#8211; pri \u010fal\u0161om strihan\u00ed <strong>+ 10\u20ac<\/strong><\/p>\n<p style=\"text-align: center;\">Nedostavanie sa na term\u00edn &#8211; pri \u010fal\u0161om strihan\u00ed <strong>+19\u20ac<\/strong><\/p>\n<p style=\"text-align: center;\">probl\u00e9mov\u00e9 spr\u00e1vanie &#8211; pokusy o uhryznutie <strong>+5\u20ac<\/strong><\/p>\n<p style=\"text-align: center;\"><strong>AGRESIVITA<\/strong><\/p>\n<p style=\"text-align: center;\">Nepou\u017e\u00edvam utlmuj\u00face prostriedky, ani ps\u00edkov nevyv\u00e4zujem. Z tohto d\u00f4vodu extr\u00e9mne agres\u00edvnych &#8222;hryzav\u00fdch&#8220; ps\u00edkov nestrih\u00e1m.<\/p>\n<p style=\"text-align: center;\"><strong>IN\u00c9 ZVIERAT\u00c1<\/strong><\/p>\n<p style=\"text-align: center;\">Z d\u00f4vodu ve\u013ek\u00e9ho z\u00e1ujmu som moje slu\u017eby roz\u0161\u00edrila aj o strihanie ma\u010di\u010diek a kr\u00e1likov. Cena je rovnak\u00e1 ako pri mal\u00fdch plemen\u00e1ch ps\u00edkov.<\/p>\n<p style=\"text-align: center;\"><strong>\ud83d\udcde Objednajte si term\u00edn:<\/strong> +421 902 286 703<br \/>\n<strong>\ud83d\udce7 Email:<\/strong> gavornikova.andrea@gmail.com<\/p>\n<p style=\"text-align: center;\">Mobiln\u00e9 strihanie psov v Bratislavskom kraji &#8211; kvalitn\u00e1 slu\u017eba priamo u V\u00e1s doma!<\/p>\n","protected":false},"excerpt":{"rendered":"<p>CENN\u00cdK Cenn\u00edk strihania psov v Bratislave a Bratislavskom kraji s mobilnou slu\u017ebou priamo k V\u00e1m domov. Transparentn\u00e9 ceny bez skryt\u00fdch poplatkov. Prich\u00e1dzame do v\u0161etk\u00fdch mestsk\u00fdch \u010dast\u00ed Bratislavy, ako aj do Pezinka, Senca, Stupavy, Modry, Sv\u00e4t\u00e9ho Jura a \u010fal\u0161\u00edch obc\u00ed Bratislavsk\u00e9ho kraja. Z\u00c1KLADN\u00c9 STRIHANIE mal\u00e9 ps\u00edky 1-8kg 19\u20ac stredn\u00e9 ps\u00edky 09-18kg 24\u20ac ve\u013ek\u00e9 ps\u00edky od 19kg [&hellip;]<\/p>\n","protected":false},"author":1,"featured_media":0,"parent":0,"menu_order":0,"comment_status":"closed","ping_status":"closed","template":"","meta":{"_monsterinsights_skip_tracking":false,"_monsterinsights_sitenote_active":false,"_monsterinsights_sitenote_note":"","_monsterinsights_sitenote_category":0,"footnotes":""},"class_list":["post-326","page","type-page","status-publish","hentry"],"_links":{"self":[{"href":"http:\/\/andrea-strihaniepsov.sk\/index.php?rest_route=\/wp\/v2\/pages\/326","targetHints":{"allow":["GET"]}}],"collection":[{"href":"http:\/\/andrea-strihaniepsov.sk\/index.php?rest_route=\/wp\/v2\/pages"}],"about":[{"href":"http:\/\/andrea-strihaniepsov.sk\/index.php?rest_route=\/wp\/v2\/types\/page"}],"author":[{"embeddable":true,"href":"http:\/\/andrea-strihaniepsov.sk\/index.php?rest_route=\/wp\/v2\/users\/1"}],"replies":[{"embeddable":true,"href":"http:\/\/andrea-strihaniepsov.sk\/index.php?rest_route=%2Fwp%2Fv2%2Fcomments&post=326"}],"version-history":[{"count":5,"href":"http:\/\/andrea-strihaniepsov.sk\/index.php?rest_route=\/wp\/v2\/pages\/326\/revisions"}],"predecessor-version":[{"id":349,"href":"http:\/\/andrea-strihaniepsov.sk\/index.php?rest_route=\/wp\/v2\/pages\/326\/revisions\/349"}],"wp:attachment":[{"href":"http:\/\/andrea-strihaniepsov.sk\/index.php?rest_route=%2Fwp%2Fv2%2Fmedia&parent=326"}],"curies":[{"name":"wp","href":"https:\/\/api.w.org\/{rel}","templated":true}]}}