{"id":327,"date":"2026-02-07T18:52:49","date_gmt":"2026-02-07T17:52:49","guid":{"rendered":"https:\/\/andrea-strihaniepsov.sk\/?page_id=327"},"modified":"2026-02-07T22:06:08","modified_gmt":"2026-02-07T21:06:08","slug":"domov-novy","status":"publish","type":"page","link":"http:\/\/andrea-strihaniepsov.sk\/","title":{"rendered":"Domov"},"content":{"rendered":"<h3>Profesion\u00e1lne Strihanie Psov v Bratislave a Bratislavskom Kraji<\/h3>\n<p>Pon\u00fakam profesion\u00e1lne strihanie psov v Bratislave a celom Bratislavskom kraji priamo u V\u00e1s doma. Mobiln\u00fd ps\u00ed sal\u00f3n, ktor\u00fd pr\u00edde za Vami do pohodlia V\u00e1\u0161ho domova znamen\u00e1 menej stresu pre V\u00e1\u0161ho mil\u00e1\u010dika a \u00fasporu \u010dasu pre V\u00e1s. Poskytujeme slu\u017eby strihania psov v celej Bratislave (v\u0161etky mestsk\u00e9 \u010dasti) a v okol\u00ed &#8211; Pezinok, Senec, Stupava, Modra, Sv\u00e4t\u00fd Jur, Ivanka pri Dunaji, Chorv\u00e1tsky Grob, Bernol\u00e1kovo a \u010fal\u0161ie obce Bratislavsk\u00e9ho kraja.<\/p>\n<h3>Nie\u010do o mne&#8230;<\/h3>\n<p>Na \u00favod by som sa v kr\u00e1tkosti rada predstavila, aby ste vedeli, kto ku V\u00e1m zav\u00edta, ak sa rozhodnete vyu\u017ei\u0165 moje slu\u017eby.<\/p>\n<p>Od mali\u010dka som milovala ps\u00edkov, ale ke\u010f\u017ee mi rodi\u010dia \u017eiadneho nechceli dovoli\u0165, chodievala som ich aspo\u0148 ven\u010di\u0165 do \u00fatulku. Napokon sme sa s mojim Endym na\u0161li priamo na ulici a ke\u010f\u017ee to bola l\u00e1ska na prv\u00fd poh\u013ead rodi\u010dia u\u017e nemali na v\u00fdber!<\/p>\n<p>M\u00f4j obdiv v\u0161ak v\u017edy patril zvierat\u00e1m v\u0161etk\u00e9ho druhu a tak som sa rozhodla \u0161tudova\u0165 na strednej veterin\u00e1rnej \u0161kole.<\/p>\n<p>Ako 10 ro\u010dn\u00e1 som strih\u00e1vala babkinho ps\u00edka, to boli za\u010diatky mojej kari\u00e9ry. Nesk\u00f4r som sa rozhodla spoji\u0165 pr\u00edjemn\u00e9 s u\u017eito\u010dn\u00fdm a v roku 2010 som si spravila kurz strihania ps\u00edkov. Za\u010d\u00ednala som striha\u0165 popri pr\u00e1ci v chovate\u013esk\u00fdch potreb\u00e1ch a napokon sa mi pr\u00e1cou stalo moje hobby.<\/p>\n<p>Dnes mi spolo\u010dnos\u0165 v ka\u017edodennom \u017eivote, na vych\u00e1dzkach v pr\u00edrode a v\u00fdstav\u00e1ch rob\u00ed moja z\u00e1padosib\u00edrska lajka Aris \u2013 vysn\u00edvan\u00fd ps\u00edk povahou aj v\u00fdzorom pripom\u00ednaj\u00faci m\u00f4jho najlep\u0161ieho psieho priate\u013ea z detstva.<\/p>\n<h3>Pre\u010do si vybra\u0165 mobiln\u00e9 strihanie psov v Bratislave a Bratislavskom kraji?<\/h3>\n<p><strong>V\u00fdhody strihania psov priamo u V\u00e1s doma:<\/strong><\/p>\n<ul>\n<li><strong>Strihanie psov priamo u V\u00e1s doma<\/strong> &#8211; V\u00e1\u0161 ps\u00edk sa c\u00edti bezpe\u010dne vo svojom prostred\u00ed, bez stresu z cestovania<\/li>\n<li><strong>U\u0161etr\u00edte \u010das s cestovan\u00edm<\/strong> &#8211; prich\u00e1dzame k V\u00e1m, nemus\u00edte nikam chodi\u0165<\/li>\n<li><strong>Vid\u00edte ako so ps\u00edkom pracujeme<\/strong> &#8211; transparentnos\u0165 a d\u00f4vera na prvom mieste<\/li>\n<li><strong>Individu\u00e1lna pozornos\u0165 len pre V\u00e1\u0161ho ps\u00edka<\/strong> &#8211; bez stresu z in\u00fdch zvierat v sal\u00f3ne<\/li>\n<li><strong>Pokr\u00fdvame cel\u00fd Bratislavsk\u00fd kraj<\/strong> &#8211; Bratislava (v\u0161etky mestsk\u00e9 \u010dasti), Pezinok, Senec, Stupava, Modra, Sv\u00e4t\u00fd Jur, Ivanka pri Dunaji, Chorv\u00e1tsky Grob, Bernol\u00e1kovo a \u010fal\u0161ie obce<\/li>\n<\/ul>\n<h3>Na\u0161e slu\u017eby strihania psov v Bratislavskom kraji<\/h3>\n<p>Poskytujeme komplexn\u00e9 slu\u017eby strihania psov doma v Bratislave a celom Bratislavskom kraji. \u010ci u\u017e m\u00e1te mal\u00e9ho yorkshireka, stredn\u00e9ho cocker\u0161paniela alebo ve\u013ek\u00e9ho golden retrievera, vieme sa o neho postara\u0165. Na\u0161e mobiln\u00e9 strihanie psov zah\u0155\u0148a:<\/p>\n<ul>\n<li><strong>Profesion\u00e1lne strihanie<\/strong> pod\u013ea plemien a Va\u0161ich predst\u00e1v<\/li>\n<li><strong>K\u00fapanie<\/strong> s kvalitn\u00fdmi \u0161amp\u00f3nmi vhodn\u00fdmi pre srs\u0165 V\u00e1\u0161ho ps\u00edka<\/li>\n<li><strong>\u010cesanie a roz\u010des\u00e1vanie<\/strong> zanedbanej alebo dlhej srsti<\/li>\n<li><strong>Strihanie paz\u00farikov<\/strong> &#8211; bezpe\u010dn\u00e9 a \u0161etrn\u00e9<\/li>\n<li><strong>\u010cistenie u\u0161\u00ed a o\u010d\u00ed<\/strong> &#8211; d\u00f4le\u017eit\u00e1 s\u00fa\u010das\u0165 hygieny<\/li>\n<li><strong>Trimovanie<\/strong> pre dr\u00f4tosrst\u00e9 plemen\u00e1<\/li>\n<\/ul>\n<p><strong>Servisn\u00e1 oblas\u0165 &#8211; Bratislavsk\u00fd kraj:<\/strong><\/p>\n<ul>\n<li><strong>Bratislava<\/strong> &#8211; v\u0161etky mestsk\u00e9 \u010dasti: Star\u00e9 Mesto, Nov\u00e9 Mesto, Ru\u017einov, Petr\u017ealka, Karlova Ves, D\u00fabravka, Lama\u010d, Ra\u010da, Vraku\u0148a, Podunajsk\u00e9 Biskupice, Dev\u00edn, Dev\u00ednska Nov\u00e1 Ves, Z\u00e1horsk\u00e1 Bystrica, Rusovce, \u010cunovo, Jarovce<\/li>\n<li><strong>Pezinok a okolie<\/strong> &#8211; Pezinok, Vini\u010dn\u00e9, Grinava, Limbach, Slovensk\u00fd Grob<\/li>\n<li><strong>Senec a okolie<\/strong> &#8211; Senec, Bernol\u00e1kovo, Ivanka pri Dunaji, Chorv\u00e1tsky Grob, Tom\u00e1\u0161ov<\/li>\n<li><strong>Stupava a okolie<\/strong> &#8211; Stupava, Lozorno, Jablonec, Z\u00e1horsk\u00e1 Bystrica<\/li>\n<li><strong>\u010eal\u0161ie mest\u00e1 a obce<\/strong> &#8211; Modra, Sv\u00e4t\u00fd Jur, Marianka, Vajnory a cel\u00fd Bratislavsk\u00fd kraj<\/li>\n<\/ul>\n<p><strong>Kontaktujte ma<\/strong> na telef\u00f3nnom \u010d\u00edsle <strong>+421 902 286 703<\/strong> alebo cez email <strong>gavornikova.andrea@gmail.com<\/strong> pre objednanie term\u00ednu.<\/p>\n","protected":false},"excerpt":{"rendered":"<p>Profesion\u00e1lne Strihanie Psov v Bratislave a Bratislavskom Kraji Pon\u00fakam profesion\u00e1lne strihanie psov v Bratislave a celom Bratislavskom kraji priamo u V\u00e1s doma. Mobiln\u00fd ps\u00ed sal\u00f3n, ktor\u00fd pr\u00edde za Vami do pohodlia V\u00e1\u0161ho domova znamen\u00e1 menej stresu pre V\u00e1\u0161ho mil\u00e1\u010dika a \u00fasporu \u010dasu pre V\u00e1s. Poskytujeme slu\u017eby strihania psov v celej Bratislave (v\u0161etky mestsk\u00e9 \u010dasti) a [&hellip;]<\/p>\n","protected":false},"author":1,"featured_media":0,"parent":0,"menu_order":0,"comment_status":"closed","ping_status":"closed","template":"","meta":{"_monsterinsights_skip_tracking":false,"_monsterinsights_sitenote_active":false,"_monsterinsights_sitenote_note":"","_monsterinsights_sitenote_category":0,"footnotes":""},"class_list":["post-327","page","type-page","status-publish","hentry"],"_links":{"self":[{"href":"http:\/\/andrea-strihaniepsov.sk\/index.php?rest_route=\/wp\/v2\/pages\/327","targetHints":{"allow":["GET"]}}],"collection":[{"href":"http:\/\/andrea-strihaniepsov.sk\/index.php?rest_route=\/wp\/v2\/pages"}],"about":[{"href":"http:\/\/andrea-strihaniepsov.sk\/index.php?rest_route=\/wp\/v2\/types\/page"}],"author":[{"embeddable":true,"href":"http:\/\/andrea-strihaniepsov.sk\/index.php?rest_route=\/wp\/v2\/users\/1"}],"replies":[{"embeddable":true,"href":"http:\/\/andrea-strihaniepsov.sk\/index.php?rest_route=%2Fwp%2Fv2%2Fcomments&post=327"}],"version-history":[{"count":2,"href":"http:\/\/andrea-strihaniepsov.sk\/index.php?rest_route=\/wp\/v2\/pages\/327\/revisions"}],"predecessor-version":[{"id":341,"href":"http:\/\/andrea-strihaniepsov.sk\/index.php?rest_route=\/wp\/v2\/pages\/327\/revisions\/341"}],"wp:attachment":[{"href":"http:\/\/andrea-strihaniepsov.sk\/index.php?rest_route=%2Fwp%2Fv2%2Fmedia&parent=327"}],"curies":[{"name":"wp","href":"https:\/\/api.w.org\/{rel}","templated":true}]}}