{"id":328,"date":"2026-02-07T18:53:15","date_gmt":"2026-02-07T17:53:15","guid":{"rendered":"https:\/\/andrea-strihaniepsov.sk\/?page_id=328"},"modified":"2026-02-07T22:07:08","modified_gmt":"2026-02-07T21:07:08","slug":"kontakt-novy","status":"publish","type":"page","link":"http:\/\/andrea-strihaniepsov.sk\/?page_id=328","title":{"rendered":"Kontakt"},"content":{"rendered":"<h3>Objednajte si strihanie psov v Bratislave a Bratislavskom kraji<\/h3>\n<p>Kontaktujte ma pre objednanie term\u00ednu strihania psov na doma v Bratislave a celom Bratislavskom kraji. R\u00e1da odpoviem na Va\u0161e ot\u00e1zky a dohodneme si term\u00edn, ktor\u00fd V\u00e1m vyhovuje.<\/p>\n<p><strong>Servisn\u00e1 oblas\u0165:<\/strong> Bratislava a cel\u00fd Bratislavsk\u00fd kraj (Pezinok, Senec, Stupava, Modra, Sv\u00e4t\u00fd Jur a \u010fal\u0161ie mest\u00e1 a obce)<\/p>\n<h3>Kontaktova\u0165 ma m\u00f4\u017eete na:<\/h3>\n<p>\ud83d\udcde <strong>Telef\u00f3n:<\/strong> +421 902 286 703<\/p>\n<p>\ud83d\udce7 <strong>Email:<\/strong> gavornikova.andrea@gmail.com<\/p>\n<p><strong>Pracovn\u00fd \u010das:<\/strong><br \/>\nPondelok &#8211; Piatok: 9:00 &#8211; 18:00<br \/>\nSobota: 9:00 &#8211; 16:00<br \/>\nNede\u013ea: Len po dohode<\/p>\n<h3>Kde poskytujeme slu\u017eby strihania psov<\/h3>\n<p>Na\u0161e mobiln\u00e9 strihanie psov je dostupn\u00e9 v celom Bratislavskom kraji:<\/p>\n<h4>Bratislava &#8211; v\u0161etky mestsk\u00e9 \u010dasti<\/h4>\n<ul>\n<li><strong>Bratislava I<\/strong> &#8211; Star\u00e9 Mesto (centrum, Hrad, Horsk\u00fd park)<\/li>\n<li><strong>Bratislava II<\/strong> &#8211; Ru\u017einov, Vraku\u0148a, Podunajsk\u00e9 Biskupice<\/li>\n<li><strong>Bratislava III<\/strong> &#8211; Nov\u00e9 Mesto, Ra\u010da (Kram\u00e1re, Vinohrady, Koliba)<\/li>\n<li><strong>Bratislava IV<\/strong> &#8211; Karlova Ves, D\u00fabravka, Lama\u010d, Dev\u00edn, Dev\u00ednska Nov\u00e1 Ves, Z\u00e1horsk\u00e1 Bystrica<\/li>\n<li><strong>Bratislava V<\/strong> &#8211; Petr\u017ealka, Rusovce, \u010cunovo, Jarovce<\/li>\n<\/ul>\n<h4>Okres Pezinok<\/h4>\n<p><strong>Pezinok, Modra, Sv\u00e4t\u00fd Jur, Slovensk\u00fd Grob, Vini\u010dn\u00e9, Grinava, Limbach<\/strong><\/p>\n<h4>Okres Senec<\/h4>\n<p><strong>Senec, Bernol\u00e1kovo, Ivanka pri Dunaji, Chorv\u00e1tsky Grob, Most pri Bratislave, Rovinka, Tom\u00e1\u0161ov<\/strong><\/p>\n<h4>Stupava a okolie<\/h4>\n<p><strong>Stupava, Marianka, Lozorno, Jablonec, Z\u00e1horsk\u00e1 Ves, Pernek<\/strong><\/p>\n<h3>Cel\u00fd Bratislavsk\u00fd kraj<\/h3>\n<p>Pre strihanie psov v \u010fal\u0161\u00edch obciach Bratislavsk\u00e9ho kraja ma tie\u017e kontaktujte. Pr\u00edplatok za dopravu z\u00e1vis\u00ed od vzdialenosti.<\/p>\n<h3>Pre\u010do si vybra\u0165 mobiln\u00e9 strihanie psov v Bratislavskom kraji?<\/h3>\n<p>\u2705 <strong>Pohodlie<\/strong> &#8211; prich\u00e1dzame k V\u00e1m domov, nemus\u00edte nikam cestova\u0165<br \/>\n\u2705 <strong>Menej stresu<\/strong> &#8211; V\u00e1\u0161 ps\u00edk je vo svojom zn\u00e1mom prostred\u00ed<br \/>\n\u2705 <strong>\u00daspora \u010dasu<\/strong> &#8211; nepotrebujete tr\u00e1vi\u0165 \u010das cestovan\u00edm<br \/>\n\u2705 <strong>Individu\u00e1lny pr\u00edstup<\/strong> &#8211; venujeme sa len V\u00e1\u0161mu ps\u00edkovi<br \/>\n\u2705 <strong>Flexibilita<\/strong> &#8211; term\u00edny prisp\u00f4sobujeme V\u00e1\u0161mu rozvrhu<br \/>\n\u2705 <strong>\u0160irok\u00e1 servisn\u00e1 oblas\u0165<\/strong> &#8211; cel\u00fd Bratislavsk\u00fd kraj<\/p>\n<p><strong>Te\u0161\u00edme sa na V\u00e1s a V\u00e1\u0161ho chlp\u00e1\u010da! \ud83d\udc15<\/strong><\/p>\n<p>Profesion\u00e1lne strihanie psov v Bratislave a Bratislavskom kraji priamo u V\u00e1s doma.<\/p>\n","protected":false},"excerpt":{"rendered":"<p>Objednajte si strihanie psov v Bratislave a Bratislavskom kraji Kontaktujte ma pre objednanie term\u00ednu strihania psov na doma v Bratislave a celom Bratislavskom kraji. R\u00e1da odpoviem na Va\u0161e ot\u00e1zky a dohodneme si term\u00edn, ktor\u00fd V\u00e1m vyhovuje. Servisn\u00e1 oblas\u0165: Bratislava a cel\u00fd Bratislavsk\u00fd kraj (Pezinok, Senec, Stupava, Modra, Sv\u00e4t\u00fd Jur a \u010fal\u0161ie mest\u00e1 a obce) Kontaktova\u0165 [&hellip;]<\/p>\n","protected":false},"author":1,"featured_media":0,"parent":0,"menu_order":0,"comment_status":"closed","ping_status":"closed","template":"","meta":{"_monsterinsights_skip_tracking":false,"_monsterinsights_sitenote_active":false,"_monsterinsights_sitenote_note":"","_monsterinsights_sitenote_category":0,"footnotes":""},"class_list":["post-328","page","type-page","status-publish","hentry"],"_links":{"self":[{"href":"http:\/\/andrea-strihaniepsov.sk\/index.php?rest_route=\/wp\/v2\/pages\/328","targetHints":{"allow":["GET"]}}],"collection":[{"href":"http:\/\/andrea-strihaniepsov.sk\/index.php?rest_route=\/wp\/v2\/pages"}],"about":[{"href":"http:\/\/andrea-strihaniepsov.sk\/index.php?rest_route=\/wp\/v2\/types\/page"}],"author":[{"embeddable":true,"href":"http:\/\/andrea-strihaniepsov.sk\/index.php?rest_route=\/wp\/v2\/users\/1"}],"replies":[{"embeddable":true,"href":"http:\/\/andrea-strihaniepsov.sk\/index.php?rest_route=%2Fwp%2Fv2%2Fcomments&post=328"}],"version-history":[{"count":3,"href":"http:\/\/andrea-strihaniepsov.sk\/index.php?rest_route=\/wp\/v2\/pages\/328\/revisions"}],"predecessor-version":[{"id":343,"href":"http:\/\/andrea-strihaniepsov.sk\/index.php?rest_route=\/wp\/v2\/pages\/328\/revisions\/343"}],"wp:attachment":[{"href":"http:\/\/andrea-strihaniepsov.sk\/index.php?rest_route=%2Fwp%2Fv2%2Fmedia&parent=328"}],"curies":[{"name":"wp","href":"https:\/\/api.w.org\/{rel}","templated":true}]}}