{"id":329,"date":"2026-02-07T18:53:43","date_gmt":"2026-02-07T17:53:43","guid":{"rendered":"https:\/\/andrea-strihaniepsov.sk\/?page_id=329"},"modified":"2026-02-07T22:07:38","modified_gmt":"2026-02-07T21:07:38","slug":"ukazka-strihani-novy","status":"publish","type":"page","link":"http:\/\/andrea-strihaniepsov.sk\/?page_id=329","title":{"rendered":"Uk\u00e1\u017eka strihan\u00ed"},"content":{"rendered":"<h3>Uk\u00e1\u017eky strihan\u00ed psov v Bratislave a Bratislavskom kraji<\/h3>\n<p>Pozrite si uk\u00e1\u017eky na\u0161ej pr\u00e1ce &#8211; profesion\u00e1lne strihanie psov r\u00f4znych plemien v Bratislave, Pezinku, Senci, Stupave, Modre a celom Bratislavskom kraji. Ka\u017ed\u00fd ps\u00edk je jedine\u010dn\u00fd a preto pristupujeme ku ka\u017ed\u00e9mu individu\u00e1lne. \u010ci u\u017e potrebujete klasick\u00fd strih pod\u013ea plemena, modern\u00fd letn\u00fd strih alebo m\u00e1te \u0161peci\u00e1lne po\u017eiadavky, r\u00e1da V\u00e1m pom\u00f4\u017eem.<\/p>\n<p>V gal\u00e9rii n\u00e1jdete fotografie:<\/p>\n<ul>\n<li><strong>Strihanie yorkshirov<\/strong> &#8211; klasick\u00fd breed strih aj modern\u00e9 varianty<\/li>\n<li><strong>Strihanie pudlov<\/strong> &#8211; od mal\u00fdch toy pudlov po ve\u013ek\u00e9 royal pudly<\/li>\n<li><strong>Strihanie \u0161picov<\/strong> &#8211; \u00faprava srsti a tvarovanie<\/li>\n<li><strong>Strihanie kokr\u0161panielov<\/strong> &#8211; profesion\u00e1lne trimovanie<\/li>\n<li><strong>Strihanie mal\u00fdch plemien<\/strong> &#8211; bichonky, shih-tzu, malt\u00e9zky<\/li>\n<li><strong>Strihanie stredn\u00fdch a ve\u013ek\u00fdch plemien<\/strong> &#8211; golden retrievery, labr\u00e1dory, a \u010fal\u0161ie<\/li>\n<\/ul>\n<p>V\u0161etky uk\u00e1\u017eky s\u00fa z re\u00e1lnych strihan\u00ed psov v Bratislavskom kraji priamo u majite\u013eov doma.<\/p>\n<h3>Gal\u00e9ria<\/h3>\n\r\n\t\t\t\t\t\n\r\n\t\t\t\t\t<!-- START UNITE GALLERY LITE 1.7.43 -->\r\n\t\t\t\t\t\r\n\t\t\t\t<div id=\"unitegallery_1_1_tabs\" class=\"ug-tabs-wrapper\"><a class=\"ug-tab ug-tab-selected\" href=\"javascript:void(0)\" data-catid=\"5\">Video<\/a><a class=\"ug-tab\" href=\"javascript:void(0)\" data-catid=\"4\">Fotky<\/a><\/div>\n\n\t\t\t<div id='unitegallery_1_1' class='unite-gallery' style='margin:0px auto;'>\n\t\t\t\t\n\n\t\t\t\t\t\t<img decoding=\"async\" alt=\"Uk\u00e1\u017eka striahania - Winkie\"\n\t\t\t\t\t\t    data-type=\"youtube\"  src=\"\" data-image=\"https:\/\/img.youtube.com\/vi\/KqqNMYBrW44\/sddefault.jpg\"\n\t\t\t\t\t\t     data-thumb=\"https:\/\/img.youtube.com\/vi\/KqqNMYBrW44\/mqdefault.jpg\"\n\t\t\t\t\t\t     title=\"\"\n\t\t\t\t\t\t     data-videoid=\"KqqNMYBrW44\" style=\"display:none\">\n\t\t\t<\/div>\n\n\t\t\t<script type='text\/javascript'>\n\t\t\t\twindow.onload = function(e) {\n\t\t\t\t\tif(typeof ugCheckForErrors == \"undefined\"){\n\t\t\t\t\t\tdocument.getElementById(\"unitegallery_1_1\").innerHTML = \"<span style='color:red'>Unite Gallery Error - gallery js and css files not included in the footer. Please make sure that wp_footer() function is added to your theme.<\/span>\";}\n\t\t\t\t\telse{ ugCheckForErrors(\"unitegallery_1_1\", \"jquery\");}\n\t\t\t\t};\n\t\t\t<\/script>\n\n\t\t\t<!-- END UNITEGALLERY LITE-->\n<h3>V\u00e1\u0161 ps\u00edk si zasl\u00fa\u017ei profesion\u00e1lnu starostlivos\u0165<\/h3>\n<p>Profesion\u00e1lne strihanie psov v pohodl\u00ed V\u00e1\u0161ho domova v Bratislave a celom Bratislavskom kraji. Ka\u017ed\u00fd strih je prisp\u00f4soben\u00fd plemenu, \u0161trukt\u00fare srsti a Va\u0161im preferenci\u00e1m. Pou\u017e\u00edvam len kvalitn\u00e9 n\u00e1stroje a kozmetiku vhodn\u00fa pre citliv\u00fa psiu poko\u017eku.<\/p>\n<p><strong>Pre\u010do si klienti vyberaj\u00fa mobiln\u00e9 strihanie psov?<\/strong><\/p>\n<p>\u2705 <strong>Pohodlie pre ps\u00edka aj majite\u013ea<\/strong> &#8211; slu\u017eba priamo u V\u00e1s doma<br \/>\n\u2705 <strong>Individu\u00e1lny pr\u00edstup<\/strong> &#8211; venujeme sa len V\u00e1\u0161mu ps\u00edkovi<br \/>\n\u2705 <strong>Menej stresu<\/strong> &#8211; ps\u00edk je vo svojom zn\u00e1mom prostred\u00ed<br \/>\n\u2705 <strong>Profesion\u00e1lny v\u00fdsledok<\/strong> &#8211; certifikovan\u00e1 groomerka<br \/>\n\u2705 <strong>Cel\u00fd Bratislavsk\u00fd kraj<\/strong> &#8211; Bratislava, Pezinok, Senec, Stupava, Modra, Sv\u00e4t\u00fd Jur<\/p>\n<h3>Zaujala V\u00e1s niektor\u00e1 z uk\u00e1\u017eok?<\/h3>\n<p>Ak sa V\u00e1m p\u00e1\u010di niektor\u00fd zo strihov alebo m\u00e1te ot\u00e1zky o starostlivosti o srs\u0165 V\u00e1\u0161ho ps\u00edka, nev\u00e1hajte ma kontaktova\u0165.<\/p>\n<p><strong>\ud83d\udcde Telef\u00f3n:<\/strong> +421 902 286 703<br \/>\n<strong>\ud83d\udce7 Email:<\/strong> gavornikova.andrea@gmail.com<\/p>\n<p><strong>Obsluhujeme cel\u00fd Bratislavsk\u00fd kraj:<\/strong> Bratislava (v\u0161etky mestsk\u00e9 \u010dasti), Pezinok, Senec, Stupava, Modra, Sv\u00e4t\u00fd Jur, Bernol\u00e1kovo, Ivanka pri Dunaji, Chorv\u00e1tsky Grob a \u010fal\u0161ie obce.<\/p>\n<p><strong>Te\u0161\u00edme sa na V\u00e1s a V\u00e1\u0161ho chlp\u00e1\u010da! \ud83d\udc15\u2728<\/strong><\/p>\n","protected":false},"excerpt":{"rendered":"<p>Uk\u00e1\u017eky strihan\u00ed psov v Bratislave a Bratislavskom kraji Pozrite si uk\u00e1\u017eky na\u0161ej pr\u00e1ce &#8211; profesion\u00e1lne strihanie psov r\u00f4znych plemien v Bratislave, Pezinku, Senci, Stupave, Modre a celom Bratislavskom kraji. Ka\u017ed\u00fd ps\u00edk je jedine\u010dn\u00fd a preto pristupujeme ku ka\u017ed\u00e9mu individu\u00e1lne. \u010ci u\u017e potrebujete klasick\u00fd strih pod\u013ea plemena, modern\u00fd letn\u00fd strih alebo m\u00e1te \u0161peci\u00e1lne po\u017eiadavky, r\u00e1da V\u00e1m [&hellip;]<\/p>\n","protected":false},"author":1,"featured_media":0,"parent":0,"menu_order":0,"comment_status":"closed","ping_status":"closed","template":"","meta":{"_monsterinsights_skip_tracking":false,"_monsterinsights_sitenote_active":false,"_monsterinsights_sitenote_note":"","_monsterinsights_sitenote_category":0,"footnotes":""},"class_list":["post-329","page","type-page","status-publish","hentry"],"_links":{"self":[{"href":"http:\/\/andrea-strihaniepsov.sk\/index.php?rest_route=\/wp\/v2\/pages\/329","targetHints":{"allow":["GET"]}}],"collection":[{"href":"http:\/\/andrea-strihaniepsov.sk\/index.php?rest_route=\/wp\/v2\/pages"}],"about":[{"href":"http:\/\/andrea-strihaniepsov.sk\/index.php?rest_route=\/wp\/v2\/types\/page"}],"author":[{"embeddable":true,"href":"http:\/\/andrea-strihaniepsov.sk\/index.php?rest_route=\/wp\/v2\/users\/1"}],"replies":[{"embeddable":true,"href":"http:\/\/andrea-strihaniepsov.sk\/index.php?rest_route=%2Fwp%2Fv2%2Fcomments&post=329"}],"version-history":[{"count":2,"href":"http:\/\/andrea-strihaniepsov.sk\/index.php?rest_route=\/wp\/v2\/pages\/329\/revisions"}],"predecessor-version":[{"id":344,"href":"http:\/\/andrea-strihaniepsov.sk\/index.php?rest_route=\/wp\/v2\/pages\/329\/revisions\/344"}],"wp:attachment":[{"href":"http:\/\/andrea-strihaniepsov.sk\/index.php?rest_route=%2Fwp%2Fv2%2Fmedia&parent=329"}],"curies":[{"name":"wp","href":"https:\/\/api.w.org\/{rel}","templated":true}]}}